{"id":135,"date":"2026-01-17T19:55:56","date_gmt":"2026-01-17T19:55:56","guid":{"rendered":"https:\/\/getfinda.online\/?page_id=135"},"modified":"2026-02-08T20:36:18","modified_gmt":"2026-02-08T19:36:18","slug":"leistungen","status":"publish","type":"page","link":"https:\/\/getfinda.com\/de\/leistungen\/","title":{"rendered":"Leistungen"},"content":{"rendered":"<div style=\"height:30px\" aria-hidden=\"true\" class=\"wp-block-spacer\"><\/div>\n\n\n\n<div class=\"wp-block-uagb-advanced-heading uagb-block-0402f662\"><h4 class=\"uagb-heading-text\">Leistungen<\/h4><\/div>\n\n\n\n<div style=\"height:20px\" aria-hidden=\"true\" class=\"wp-block-spacer\"><\/div>\n\n\n\n<div class=\"wp-block-uagb-advanced-heading uagb-block-d94f1be8\"><h2 class=\"uagb-heading-text\">Optimiere dein Business mit den Dienstleistungen von Finda \u2013 dem afghanischen Business Netzwerk<\/h2><\/div>\n\n\n\n<div style=\"height:50px\" aria-hidden=\"true\" class=\"wp-block-spacer\"><\/div>\n\n\n\n<div class=\"wp-block-uagb-container uagb-block-3727af07 alignfull uagb-is-root-container\">\n<div class=\"wp-block-uagb-container uagb-block-7b0cce65\">\n<div class=\"wp-block-uagb-image uagb-block-a871a459 wp-block-uagb-image--layout-default wp-block-uagb-image--effect-static wp-block-uagb-image--align-none\"><figure class=\"wp-block-uagb-image__figure\"><img loading=\"lazy\" decoding=\"async\" srcset=\"https:\/\/getfinda.com\/wp-content\/uploads\/2026\/02\/Leistungen-01-3-769x1024.jpg ,https:\/\/getfinda.com\/wp-content\/uploads\/2026\/02\/Leistungen-01-3.jpg 780w, https:\/\/getfinda.com\/wp-content\/uploads\/2026\/02\/Leistungen-01-3.jpg 360w\" sizes=\"auto, (max-width: 480px) 150px\" src=\"https:\/\/getfinda.com\/wp-content\/uploads\/2026\/02\/Leistungen-01-3-769x1024.jpg\" alt=\"leistungen 01 (3)\" class=\"uag-image-5894\" width=\"769\" height=\"1024\" title=\"leistungen 01 (3)\" role=\"img\"\/><\/figure><\/div>\n<\/div>\n\n\n\n<div class=\"wp-block-uagb-container uagb-block-6f172c10\">\n<div class=\"wp-block-uagb-advanced-heading uagb-block-ccc9e441\"><h2 class=\"uagb-heading-text\">Unternehmen sichtbar machen<\/h2><\/div>\n\n\n\n<div class=\"wp-block-uagb-advanced-heading uagb-block-5df59e64\"><h2 class=\"uagb-heading-text\">Wir bieten afghanischen Unternehmen und Selbstst\u00e4ndigen eine <strong>zentrale Plattform<\/strong>, um aus der Isolation herauszutreten und aktiv wahrgenommen zu werden. Unser Ziel ist es, wirtschaftliche Aktivit\u00e4ten zu b\u00fcndeln und <strong>einen gemeinsamen Raum f\u00fcr nachhaltiges Wachstum zu schaffen.<\/strong><br>&#x2705; <strong>Pr\u00e4sentieren:<\/strong> Stelle dein Unternehmen einem breiten Publikum vor.<br>&#x2705; <strong>Finden lassen:<\/strong> Werde gezielt von der Community gefunden.<br>&#x2705; <strong>Wachsen:<\/strong> Erh\u00f6he die Reichweite und Sichtbarkeit deiner T\u00e4tigkeit.<\/h2><\/div>\n\n\n\n<div style=\"height:30px\" aria-hidden=\"true\" class=\"wp-block-spacer\"><\/div>\n\n\n\n<div class=\"wp-block-essential-blocks-button  root-eb-button-k3p69\"><div class=\"eb-parent-wrapper eb-parent-eb-button-k3p69\"><div class=\"eb-button-wrapper eb-button-alignment eb-button-k3p69\"><div class=\"eb-button\"><div class=\"eb-button-inner-wrapper\"><a class=\"eb-button-anchor hvr-grow\" href=\"https:\/\/getfinda.com\/de\/kontakt\/\" rel=\"noopener\">Jetzt Vorstellen<\/a><\/div><\/div><\/div><\/div><\/div>\n<\/div>\n<\/div>\n\n\n\n<div style=\"height:100px\" aria-hidden=\"true\" class=\"wp-block-spacer\"><\/div>\n\n\n\n<div class=\"wp-block-uagb-container uagb-block-5fcf7384 alignfull uagb-is-root-container\">\n<div class=\"wp-block-uagb-container uagb-block-6109368f\">\n<div class=\"wp-block-uagb-image uagb-block-bd843dd1 wp-block-uagb-image--layout-default wp-block-uagb-image--effect-static wp-block-uagb-image--align-none\"><figure class=\"wp-block-uagb-image__figure\"><img loading=\"lazy\" decoding=\"async\" srcset=\"https:\/\/getfinda.com\/wp-content\/uploads\/2026\/02\/Leistunngen-02-769x1024.jpg ,https:\/\/getfinda.com\/wp-content\/uploads\/2026\/02\/Leistunngen-02.jpg 780w, https:\/\/getfinda.com\/wp-content\/uploads\/2026\/02\/Leistunngen-02.jpg 360w\" sizes=\"auto, (max-width: 480px) 150px\" src=\"https:\/\/getfinda.com\/wp-content\/uploads\/2026\/02\/Leistunngen-02-769x1024.jpg\" alt=\"leistunngen 02\" class=\"uag-image-5898\" width=\"769\" height=\"1024\" title=\"leistunngen 02\" role=\"img\"\/><\/figure><\/div>\n<\/div>\n\n\n\n<div class=\"wp-block-uagb-container uagb-block-8268017c\">\n<div class=\"wp-block-uagb-advanced-heading uagb-block-d08270d6\"><h2 class=\"uagb-heading-text\">Unternehmensverzeichnis<\/h2><\/div>\n\n\n\n<div class=\"wp-block-uagb-advanced-heading uagb-block-d9c52622\"><h2 class=\"uagb-heading-text\">Mit unserem Unternehmensverzeichnis erh\u00f6hst du die Sichtbarkeit und Erreichbarkeit deines Gesch\u00e4fts. Du pr\u00e4sentierst dein Unternehmen einer relevanten Zielgruppe und schaffst neue Gesch\u00e4ftschancen durch gezielte Vernetzung.<br>&#x2705;<strong> Pr\u00e4sentieren:<\/strong> Pr\u00e4sentiere deine Produkte und Dienstleistungen gezielt.<br>&#x2705; <strong>Erreichen:<\/strong> Erreiche potenzielle Kunden innerhalb deiner Community.<br>&#x2705; <strong>St\u00e4rken:<\/strong> St\u00e4rke die Sichtbarkeit deines Unternehmens nachhaltig.<\/h2><\/div>\n\n\n\n<div style=\"height:30px\" aria-hidden=\"true\" class=\"wp-block-spacer\"><\/div>\n\n\n\n<div class=\"wp-block-essential-blocks-button  root-eb-button-2tfae\"><div class=\"eb-parent-wrapper eb-parent-eb-button-2tfae\"><div class=\"eb-button-wrapper eb-button-alignment eb-button-2tfae\"><div class=\"eb-button\"><div class=\"eb-button-inner-wrapper\"><a class=\"eb-button-anchor hvr-grow\" href=\"https:\/\/getfinda.com\/de\/leistungen\/unternehmen-eintragen\/\" rel=\"noopener\">Jetzt EIntragen<\/a><\/div><\/div><\/div><\/div><\/div>\n<\/div>\n<\/div>\n\n\n\n<div style=\"height:100px\" aria-hidden=\"true\" class=\"wp-block-spacer\"><\/div>\n\n\n\n<div class=\"wp-block-uagb-container uagb-block-f0dc14a1 alignfull uagb-is-root-container\">\n<div class=\"wp-block-uagb-container uagb-block-dbb0e564\">\n<div class=\"wp-block-uagb-image uagb-block-0e10c24f wp-block-uagb-image--layout-default wp-block-uagb-image--effect-static wp-block-uagb-image--align-none\"><figure class=\"wp-block-uagb-image__figure\"><img loading=\"lazy\" decoding=\"async\" srcset=\"https:\/\/getfinda.com\/wp-content\/uploads\/2026\/01\/Leistungen-04-769x1024.jpg ,https:\/\/getfinda.com\/wp-content\/uploads\/2026\/01\/Leistungen-04.jpg 780w, https:\/\/getfinda.com\/wp-content\/uploads\/2026\/01\/Leistungen-04.jpg 360w\" sizes=\"auto, (max-width: 480px) 150px\" src=\"https:\/\/getfinda.com\/wp-content\/uploads\/2026\/01\/Leistungen-04-769x1024.jpg\" alt=\"leistungen 04\" class=\"uag-image-3559\" width=\"769\" height=\"1024\" title=\"leistungen 04\" role=\"img\"\/><\/figure><\/div>\n<\/div>\n\n\n\n<div class=\"wp-block-uagb-container uagb-block-ded3202d\">\n<div class=\"wp-block-uagb-advanced-heading uagb-block-345d720f\"><h2 class=\"uagb-heading-text\">Unternehmensberatung<\/h2><\/div>\n\n\n\n<div class=\"wp-block-uagb-advanced-heading uagb-block-fa129aa4\"><h2 class=\"uagb-heading-text\">Unsere Plattform dient als Verbindungspunkt f\u00fcr afghanische Unternehmen. Ziel ist es, Austausch zu erm\u00f6glichen, Sichtbarkeit zu schaffen und den Zugang zu bestehenden Erfahrungen und Kontakten zu erleichtern.<br>Finda bringt Unternehmen zusammen, die voneinander lernen, sich vernetzen und gemeinsam neue Chancen entdecken m\u00f6chten \u2013 ohne individuelle Beratung oder feste Vorgaben.<br>&#x2705; <strong>Austausch:<\/strong> Profitiere vom aktiven Austausch mit anderen Unternehmen.<br>&#x2705; <strong>Einblicke:<\/strong> Erhalte wertvolle Einblicke aus gemeinsamen Erfahrungen.<br>&#x2705; <strong>Vernetzen:<\/strong> St\u00e4rke dein Unternehmen durch gezielte Vernetzung.<\/h2><\/div>\n\n\n\n<div style=\"height:30px\" aria-hidden=\"true\" class=\"wp-block-spacer\"><\/div>\n\n\n\n<div class=\"wp-block-essential-blocks-button  root-eb-button-c5yk0\"><div class=\"eb-parent-wrapper eb-parent-eb-button-c5yk0\"><div class=\"eb-button-wrapper eb-button-alignment eb-button-c5yk0\"><div class=\"eb-button\"><div class=\"eb-button-inner-wrapper\"><a class=\"eb-button-anchor hvr-grow\" href=\"https:\/\/getfinda.com\/de\/kontakt\/\" rel=\"noopener\">Kontakt &amp; Vernetzung<\/a><\/div><\/div><\/div><\/div><\/div>\n<\/div>\n<\/div>\n\n\n\n<div style=\"height:100px\" aria-hidden=\"true\" class=\"wp-block-spacer\"><\/div>\n\n\n\n<p><\/p>","protected":false},"excerpt":{"rendered":"<p>Leistungen Optimiere dein Business mit den Dienstleistungen von Finda \u2013 dem afghanischen Business Netzwerk Unternehmen sichtbar machen Wir bieten afghanischen Unternehmen und Selbstst\u00e4ndigen eine zentrale Plattform, um aus der Isolation herauszutreten und aktiv wahrgenommen zu werden. Unser Ziel ist es, wirtschaftliche Aktivit\u00e4ten zu b\u00fcndeln und einen gemeinsamen Raum f\u00fcr nachhaltiges Wachstum zu schaffen.&#x2705; Pr\u00e4sentieren: Stelle [&hellip;]<\/p>\n","protected":false},"author":1,"featured_media":0,"parent":0,"menu_order":0,"comment_status":"closed","ping_status":"closed","template":"","meta":{"_acf_changed":false,"_eb_attr":"","_uag_custom_page_level_css":"","_monsterinsights_skip_tracking":false,"_monsterinsights_sitenote_active":false,"_monsterinsights_sitenote_note":"","_monsterinsights_sitenote_category":0,"site-sidebar-layout":"default","site-content-layout":"","ast-site-content-layout":"full-width-container","site-content-style":"unboxed","site-sidebar-style":"default","ast-global-header-display":"","ast-banner-title-visibility":"","ast-main-header-display":"","ast-hfb-above-header-display":"","ast-hfb-below-header-display":"","ast-hfb-mobile-header-display":"","site-post-title":"","ast-breadcrumbs-content":"","ast-featured-img":"","footer-sml-layout":"","ast-disable-related-posts":"","theme-transparent-header-meta":"","adv-header-id-meta":"","stick-header-meta":"","header-above-stick-meta":"","header-main-stick-meta":"","header-below-stick-meta":"","astra-migrate-meta-layouts":"set","ast-page-background-enabled":"default","ast-page-background-meta":{"desktop":{"background-color":"","background-image":"","background-repeat":"repeat","background-position":"center center","background-size":"auto","background-attachment":"scroll","background-type":"","background-media":"","overlay-type":"","overlay-color":"","overlay-opacity":"","overlay-gradient":""},"tablet":{"background-color":"","background-image":"","background-repeat":"repeat","background-position":"center center","background-size":"auto","background-attachment":"scroll","background-type":"","background-media":"","overlay-type":"","overlay-color":"","overlay-opacity":"","overlay-gradient":""},"mobile":{"background-color":"","background-image":"","background-repeat":"repeat","background-position":"center center","background-size":"auto","background-attachment":"scroll","background-type":"","background-media":"","overlay-type":"","overlay-color":"","overlay-opacity":"","overlay-gradient":""}},"ast-content-background-meta":{"desktop":{"background-color":"var(--ast-global-color-5)","background-image":"","background-repeat":"repeat","background-position":"center center","background-size":"auto","background-attachment":"scroll","background-type":"","background-media":"","overlay-type":"","overlay-color":"","overlay-opacity":"","overlay-gradient":""},"tablet":{"background-color":"var(--ast-global-color-5)","background-image":"","background-repeat":"repeat","background-position":"center center","background-size":"auto","background-attachment":"scroll","background-type":"","background-media":"","overlay-type":"","overlay-color":"","overlay-opacity":"","overlay-gradient":""},"mobile":{"background-color":"var(--ast-global-color-5)","background-image":"","background-repeat":"repeat","background-position":"center center","background-size":"auto","background-attachment":"scroll","background-type":"","background-media":"","overlay-type":"","overlay-color":"","overlay-opacity":"","overlay-gradient":""}},"footnotes":""},"class_list":["post-135","page","type-page","status-publish","hentry"],"aioseo_notices":[],"uagb_featured_image_src":{"full":false,"thumbnail":false,"medium":false,"medium_large":false,"large":false,"1536x1536":false,"2048x2048":false,"trp-custom-language-flag":false},"uagb_author_info":{"display_name":"finda_admin","author_link":"https:\/\/getfinda.com\/de\/author\/getfinda_admin\/"},"uagb_comment_info":0,"uagb_excerpt":"Leistungen Optimiere dein Business mit den Dienstleistungen von Finda \u2013 dem afghanischen Business Netzwerk Unternehmen sichtbar machen Wir bieten afghanischen Unternehmen und Selbstst\u00e4ndigen eine zentrale Plattform, um aus der Isolation herauszutreten und aktiv wahrgenommen zu werden. Unser Ziel ist es, wirtschaftliche Aktivit\u00e4ten zu b\u00fcndeln und einen gemeinsamen Raum f\u00fcr nachhaltiges Wachstum zu schaffen.&#x2705; Pr\u00e4sentieren: Stelle&hellip;","acf":[],"_links":{"self":[{"href":"https:\/\/getfinda.com\/de\/wp-json\/wp\/v2\/pages\/135","targetHints":{"allow":["GET"]}}],"collection":[{"href":"https:\/\/getfinda.com\/de\/wp-json\/wp\/v2\/pages"}],"about":[{"href":"https:\/\/getfinda.com\/de\/wp-json\/wp\/v2\/types\/page"}],"author":[{"embeddable":true,"href":"https:\/\/getfinda.com\/de\/wp-json\/wp\/v2\/users\/1"}],"replies":[{"embeddable":true,"href":"https:\/\/getfinda.com\/de\/wp-json\/wp\/v2\/comments?post=135"}],"version-history":[{"count":121,"href":"https:\/\/getfinda.com\/de\/wp-json\/wp\/v2\/pages\/135\/revisions"}],"predecessor-version":[{"id":5945,"href":"https:\/\/getfinda.com\/de\/wp-json\/wp\/v2\/pages\/135\/revisions\/5945"}],"wp:attachment":[{"href":"https:\/\/getfinda.com\/de\/wp-json\/wp\/v2\/media?parent=135"}],"curies":[{"name":"wp","href":"https:\/\/api.w.org\/{rel}","templated":true}]}}