{"id":161,"date":"2026-01-17T21:01:14","date_gmt":"2026-01-17T21:01:14","guid":{"rendered":"https:\/\/getfinda.online\/?page_id=161"},"modified":"2026-02-08T12:13:04","modified_gmt":"2026-02-08T11:13:04","slug":"uber-uns","status":"publish","type":"page","link":"https:\/\/getfinda.com\/de\/uber-uns\/","title":{"rendered":"\u00dcber uns"},"content":{"rendered":"<div style=\"height:50px\" aria-hidden=\"true\" class=\"wp-block-spacer\"><\/div>\n\n\n\n<div class=\"wp-block-uagb-container uagb-block-1443bedf alignfull uagb-is-root-container\"><div class=\"uagb-container-inner-blocks-wrap\">\n<div class=\"wp-block-uagb-advanced-heading uagb-block-7268de46\"><h4 class=\"uagb-heading-text\"><strong>DAS NETZWERK<\/strong><\/h4><\/div>\n\n\n\n<div class=\"wp-block-uagb-advanced-heading uagb-block-d63e7224\"><h2 class=\"uagb-heading-text\">Unser engagiertes Netzwerk<\/h2><\/div>\n<\/div><\/div>\n\n\n\n<div style=\"height:50px\" aria-hidden=\"true\" class=\"wp-block-spacer\"><\/div>\n\n\n\n<section class=\"wp-block-uagb-container uagb-block-9d1f6aec alignfull uagb-is-root-container\">\n<div class=\"wp-block-uagb-container uagb-block-d4957802\">      \n\t\t\t<div class=\"uagb-icon-wrapper uagb-block-e6feb86e\"\n\t\t\tstyle=\"\" >\n\t\t\t\t\t\t\t\t\t<span class=\"uagb-svg-wrapper\" \n\t\t\t\t\t aria-label=\"rocket\"\t\t\t\t\ttabindex=\"0\">\t\t\n\t\t\t\t\t\t\t\t\t\t<svg xmlns=\"https:\/\/www.w3.org\/2000\/svg\" viewbox= \"0 0 512 512\" role=\"graphics-symbol\" aria-hidden=\"false\" aria-label=\"\"><path d=\"M156.6 384.9L125.7 353.1C117.2 345.5 114.2 333.1 117.1 321.8C120.1 312.9 124.1 301.3 129.8 288H24C15.38 288 7.414 283.4 3.146 275.9C-1.123 268.4-1.042 259.2 3.357 251.8L55.83 163.3C68.79 141.4 92.33 127.1 117.8 127.1H200C202.4 124 204.8 120.3 207.2 116.7C289.1-4.07 411.1-8.142 483.9 5.275C495.6 7.414 504.6 16.43 506.7 28.06C520.1 100.9 516.1 222.9 395.3 304.8C391.8 307.2 387.1 309.6 384 311.1V394.2C384 419.7 370.6 443.2 348.7 456.2L260.2 508.6C252.8 513 243.6 513.1 236.1 508.9C228.6 504.6 224 496.6 224 488V380.8C209.9 385.6 197.6 389.7 188.3 392.7C177.1 396.3 164.9 393.2 156.6 384.9V384.9zM384 167.1C406.1 167.1 424 150.1 424 127.1C424 105.9 406.1 87.1 384 87.1C361.9 87.1 344 105.9 344 127.1C344 150.1 361.9 167.1 384 167.1z\"><\/path><\/svg>\n\t\t\t\t\t\t\t\t\t<\/span>\n\t\t\t\t\t\t\t<\/div>\n\t\t\t\n\n\n<div class=\"wp-block-uagb-advanced-heading uagb-block-89542a4e\"><h3 class=\"uagb-heading-text\">Unsere Mission<\/h3><\/div>\n\n\n\n<div class=\"wp-block-uagb-advanced-heading uagb-block-59548e40\"><h4 class=\"uagb-heading-text\">Br\u00fccken bauen<\/h4><\/div>\n\n\n\n<div class=\"wp-block-uagb-advanced-heading uagb-block-27decdaa\"><p class=\"uagb-heading-text\">Wir unterst\u00fctzen die wirtschaftliche Integration und st\u00e4rken die Sichtbarkeit lokaler Unternehmen durch gezielte Vernetzung und moderne Pr\u00e4sentation.<\/p><\/div>\n<\/div>\n\n\n\n<div class=\"wp-block-uagb-container uagb-block-28ae5358\">      \n\t\t\t<div class=\"uagb-icon-wrapper uagb-block-93aad0cd\"\n\t\t\tstyle=\"\" >\n\t\t\t\t\t\t\t\t\t<span class=\"uagb-svg-wrapper\" \n\t\t\t\t\t aria-label=\"user-tie\"\t\t\t\t\ttabindex=\"0\">\t\t\n\t\t\t\t\t\t\t\t\t\t<svg xmlns=\"https:\/\/www.w3.org\/2000\/svg\" viewbox= \"0 0 448 512\" role=\"graphics-symbol\" aria-hidden=\"false\" aria-label=\"\"><path d=\"M352 128C352 198.7 294.7 256 224 256C153.3 256 96 198.7 96 128C96 57.31 153.3 0 224 0C294.7 0 352 57.31 352 128zM209.1 359.2L176 304H272L238.9 359.2L272.2 483.1L311.7 321.9C388.9 333.9 448 400.7 448 481.3C448 498.2 434.2 512 417.3 512H30.72C13.75 512 0 498.2 0 481.3C0 400.7 59.09 333.9 136.3 321.9L175.8 483.1L209.1 359.2z\"><\/path><\/svg>\n\t\t\t\t\t\t\t\t\t<\/span>\n\t\t\t\t\t\t\t<\/div>\n\t\t\t\n\n\n<div class=\"wp-block-uagb-advanced-heading uagb-block-e322ad93\"><h3 class=\"uagb-heading-text\">Initiator &amp; Vision\u00e4r<\/h3><\/div>\n\n\n\n<div class=\"wp-block-uagb-advanced-heading uagb-block-042f10e8\"><h4 class=\"uagb-heading-text\">Sayed Mujibuddin Jawad<\/h4><\/div>\n\n\n\n<div class=\"wp-block-uagb-advanced-heading uagb-block-db3e3535\"><p class=\"uagb-heading-text\">Ich habe Finda Business Network initiiert, um afghanische Unternehmen und Selbstst\u00e4ndige sichtbar zu machen und miteinander zu verbinden. Ziel ist es, einen gemeinsamen digitalen Raum f\u00fcr Austausch und Vernetzung zu schaffen.<\/p><\/div>\n<\/div>\n\n\n\n<div class=\"wp-block-uagb-container uagb-block-0e998726\">      \n\t\t\t<div class=\"uagb-icon-wrapper uagb-block-36abef95\"\n\t\t\tstyle=\"\" >\n\t\t\t\t\t\t\t\t\t<span class=\"uagb-svg-wrapper\" \n\t\t\t\t\t aria-label=\"handshake\"\t\t\t\t\ttabindex=\"0\">\t\t\n\t\t\t\t\t\t\t\t\t\t<svg xmlns=\"https:\/\/www.w3.org\/2000\/svg\" viewbox= \"0 0 640 512\" role=\"graphics-symbol\" aria-hidden=\"false\" aria-label=\"\"><path d=\"M0 383.9l64 .0404c17.75 0 32-14.29 32-32.03V128.3L0 128.3V383.9zM48 320.1c8.75 0 16 7.118 16 15.99c0 8.742-7.25 15.99-16 15.99S32 344.8 32 336.1C32 327.2 39.25 320.1 48 320.1zM348.8 64c-7.941 0-15.66 2.969-21.52 8.328L228.9 162.3C228.8 162.5 228.8 162.7 228.6 162.7C212 178.3 212.3 203.2 226.5 218.7c12.75 13.1 39.38 17.62 56.13 2.75C282.8 221.3 282.9 221.3 283 221.2l79.88-73.1c6.5-5.871 16.75-5.496 22.62 1c6 6.496 5.5 16.62-1 22.62l-26.12 23.87L504 313.7c2.875 2.496 5.5 4.996 7.875 7.742V127.1c-40.98-40.96-96.48-63.88-154.4-63.88L348.8 64zM334.6 217.4l-30 27.49c-29.75 27.11-75.25 24.49-101.8-4.371C176 211.2 178.1 165.7 207.3 138.9L289.1 64H282.5C224.7 64 169.1 87.08 128.2 127.9L128 351.8l18.25 .0369l90.5 81.82c27.5 22.37 67.75 18.12 90-9.246l18.12 15.24c15.88 12.1 39.38 10.5 52.38-5.371l31.38-38.6l5.374 4.498c13.75 11 33.88 9.002 45-4.748l9.538-11.78c11.12-13.75 9.036-33.78-4.694-44.93L334.6 217.4zM544 128.4v223.6c0 17.62 14.25 32.05 31.1 32.05L640 384V128.1L544 128.4zM592 352c-8.75 0-16-7.246-16-15.99c0-8.875 7.25-15.99 16-15.99S608 327.2 608 336.1C608 344.8 600.8 352 592 352z\"><\/path><\/svg>\n\t\t\t\t\t\t\t\t\t<\/span>\n\t\t\t\t\t\t\t<\/div>\n\t\t\t\n\n\n<div class=\"wp-block-uagb-advanced-heading uagb-block-5f5e78ac\"><h3 class=\"uagb-heading-text\">Unsere Werte<\/h3><\/div>\n\n\n\n<div class=\"wp-block-uagb-advanced-heading uagb-block-4961bc36\"><h4 class=\"uagb-heading-text\">Vertrauen &amp; Qualit\u00e4t<\/h4><\/div>\n\n\n\n<div class=\"wp-block-uagb-advanced-heading uagb-block-f6ec81a3\"><p class=\"uagb-heading-text\">Transparenz, Zuverl\u00e4ssigkeit und gegenseitige Unterst\u00fctzung sind das Fundament unserer Community, um gemeinsam nachhaltig zu wachsen.<\/p><\/div>\n<\/div>\n<\/section>\n\n\n\n<div style=\"height:50px\" aria-hidden=\"true\" class=\"wp-block-spacer\"><\/div>\n\n\n\n<div class=\"wp-block-uagb-container uagb-block-c5ea1374 alignfull uagb-is-root-container\">\n<div class=\"wp-block-uagb-container uagb-block-215c3089\">\n<div class=\"wp-block-uagb-advanced-heading uagb-block-95d638d9\"><h2 class=\"uagb-heading-text\">EINZIGARTIGER ANSATZ<\/h2><\/div>\n\n\n\n<div class=\"wp-block-uagb-advanced-heading uagb-block-4137ae74\"><h2 class=\"uagb-heading-text\">Ein gemeinsamer Raum f\u00fcr afghanische Unternehmen<\/h2><\/div>\n\n\n\n<div class=\"wp-block-uagb-advanced-heading uagb-block-124c2dab\"><h2 class=\"uagb-heading-text\">Finda Business Network verfolgt einen klaren Ansatz: afghanische Unternehmen und Selbstst\u00e4ndige sichtbar zu machen und miteinander zu verbinden.<br>Statt isolierter Aktivit\u00e4ten schaffen wir einen gemeinsamen digitalen Raum, in dem Austausch, Auffindbarkeit und gegenseitige Unterst\u00fctzung m\u00f6glich werden.<\/h2><\/div>\n<\/div>\n\n\n\n<div class=\"wp-block-uagb-container uagb-block-cf1e4e79\">\n<div class=\"wp-block-uagb-image aligncenter uagb-block-7903fe89 wp-block-uagb-image--layout-default wp-block-uagb-image--effect-static wp-block-uagb-image--align-center\"><figure class=\"wp-block-uagb-image__figure\"><img loading=\"lazy\" decoding=\"async\" srcset=\"https:\/\/getfinda.com\/wp-content\/uploads\/2026\/01\/Getfinda-Ueber-Uns-683x1024.png ,https:\/\/getfinda.com\/wp-content\/uploads\/2026\/01\/Getfinda-Ueber-Uns-scaled.png 780w, https:\/\/getfinda.com\/wp-content\/uploads\/2026\/01\/Getfinda-Ueber-Uns-scaled.png 360w\" sizes=\"auto, (max-width: 480px) 150px\" src=\"https:\/\/getfinda.com\/wp-content\/uploads\/2026\/01\/Getfinda-Ueber-Uns-683x1024.png\" alt=\"getfinda ueber uns\" class=\"uag-image-3842\" width=\"600\" height=\"700\" title=\"getfinda ueber uns\" role=\"img\"\/><\/figure><\/div>\n<\/div>\n<\/div>\n\n\n\n<div style=\"height:100px\" aria-hidden=\"true\" class=\"wp-block-spacer\"><\/div>\n\n\n\n<p><\/p>","protected":false},"excerpt":{"rendered":"<p>DAS NETZWERK Unser engagiertes Netzwerk Unsere Mission Br\u00fccken bauen Wir unterst\u00fctzen die wirtschaftliche Integration und st\u00e4rken die Sichtbarkeit lokaler Unternehmen durch gezielte Vernetzung und moderne Pr\u00e4sentation. Initiator &amp; Vision\u00e4r Sayed Mujibuddin Jawad Ich habe Finda Business Network initiiert, um afghanische Unternehmen und Selbstst\u00e4ndige sichtbar zu machen und miteinander zu verbinden. Ziel ist es, einen gemeinsamen [&hellip;]<\/p>\n","protected":false},"author":1,"featured_media":0,"parent":0,"menu_order":0,"comment_status":"closed","ping_status":"closed","template":"","meta":{"_acf_changed":false,"_eb_attr":"","_uag_custom_page_level_css":"","_monsterinsights_skip_tracking":false,"_monsterinsights_sitenote_active":false,"_monsterinsights_sitenote_note":"","_monsterinsights_sitenote_category":0,"site-sidebar-layout":"default","site-content-layout":"","ast-site-content-layout":"full-width-container","site-content-style":"unboxed","site-sidebar-style":"default","ast-global-header-display":"","ast-banner-title-visibility":"","ast-main-header-display":"","ast-hfb-above-header-display":"","ast-hfb-below-header-display":"","ast-hfb-mobile-header-display":"","site-post-title":"","ast-breadcrumbs-content":"","ast-featured-img":"","footer-sml-layout":"","ast-disable-related-posts":"","theme-transparent-header-meta":"","adv-header-id-meta":"","stick-header-meta":"","header-above-stick-meta":"","header-main-stick-meta":"","header-below-stick-meta":"","astra-migrate-meta-layouts":"set","ast-page-background-enabled":"default","ast-page-background-meta":{"desktop":{"background-color":"","background-image":"","background-repeat":"repeat","background-position":"center center","background-size":"auto","background-attachment":"scroll","background-type":"","background-media":"","overlay-type":"","overlay-color":"","overlay-opacity":"","overlay-gradient":""},"tablet":{"background-color":"","background-image":"","background-repeat":"repeat","background-position":"center center","background-size":"auto","background-attachment":"scroll","background-type":"","background-media":"","overlay-type":"","overlay-color":"","overlay-opacity":"","overlay-gradient":""},"mobile":{"background-color":"","background-image":"","background-repeat":"repeat","background-position":"center center","background-size":"auto","background-attachment":"scroll","background-type":"","background-media":"","overlay-type":"","overlay-color":"","overlay-opacity":"","overlay-gradient":""}},"ast-content-background-meta":{"desktop":{"background-color":"var(--ast-global-color-5)","background-image":"","background-repeat":"repeat","background-position":"center center","background-size":"auto","background-attachment":"scroll","background-type":"","background-media":"","overlay-type":"","overlay-color":"","overlay-opacity":"","overlay-gradient":""},"tablet":{"background-color":"var(--ast-global-color-5)","background-image":"","background-repeat":"repeat","background-position":"center center","background-size":"auto","background-attachment":"scroll","background-type":"","background-media":"","overlay-type":"","overlay-color":"","overlay-opacity":"","overlay-gradient":""},"mobile":{"background-color":"var(--ast-global-color-5)","background-image":"","background-repeat":"repeat","background-position":"center center","background-size":"auto","background-attachment":"scroll","background-type":"","background-media":"","overlay-type":"","overlay-color":"","overlay-opacity":"","overlay-gradient":""}},"footnotes":""},"class_list":["post-161","page","type-page","status-publish","hentry"],"aioseo_notices":[],"uagb_featured_image_src":{"full":false,"thumbnail":false,"medium":false,"medium_large":false,"large":false,"1536x1536":false,"2048x2048":false,"trp-custom-language-flag":false},"uagb_author_info":{"display_name":"finda_admin","author_link":"https:\/\/getfinda.com\/de\/author\/getfinda_admin\/"},"uagb_comment_info":0,"uagb_excerpt":"DAS NETZWERK Unser engagiertes Netzwerk Unsere Mission Br\u00fccken bauen Wir unterst\u00fctzen die wirtschaftliche Integration und st\u00e4rken die Sichtbarkeit lokaler Unternehmen durch gezielte Vernetzung und moderne Pr\u00e4sentation. Initiator &amp; Vision\u00e4r Sayed Mujibuddin Jawad Ich habe Finda Business Network initiiert, um afghanische Unternehmen und Selbstst\u00e4ndige sichtbar zu machen und miteinander zu verbinden. Ziel ist es, einen gemeinsamen&hellip;","acf":[],"_links":{"self":[{"href":"https:\/\/getfinda.com\/de\/wp-json\/wp\/v2\/pages\/161","targetHints":{"allow":["GET"]}}],"collection":[{"href":"https:\/\/getfinda.com\/de\/wp-json\/wp\/v2\/pages"}],"about":[{"href":"https:\/\/getfinda.com\/de\/wp-json\/wp\/v2\/types\/page"}],"author":[{"embeddable":true,"href":"https:\/\/getfinda.com\/de\/wp-json\/wp\/v2\/users\/1"}],"replies":[{"embeddable":true,"href":"https:\/\/getfinda.com\/de\/wp-json\/wp\/v2\/comments?post=161"}],"version-history":[{"count":76,"href":"https:\/\/getfinda.com\/de\/wp-json\/wp\/v2\/pages\/161\/revisions"}],"predecessor-version":[{"id":5793,"href":"https:\/\/getfinda.com\/de\/wp-json\/wp\/v2\/pages\/161\/revisions\/5793"}],"wp:attachment":[{"href":"https:\/\/getfinda.com\/de\/wp-json\/wp\/v2\/media?parent=161"}],"curies":[{"name":"wp","href":"https:\/\/api.w.org\/{rel}","templated":true}]}}