{"id":3996,"date":"2026-01-24T10:14:28","date_gmt":"2026-01-24T09:14:28","guid":{"rendered":"https:\/\/getfinda.online\/?page_id=3996"},"modified":"2026-02-04T18:18:29","modified_gmt":"2026-02-04T17:18:29","slug":"unternehmen-eintragen","status":"publish","type":"page","link":"https:\/\/getfinda.com\/de\/leistungen\/unternehmen-eintragen\/","title":{"rendered":"Unternehmen Eintragen"},"content":{"rendered":"<div style=\"height:30px\" aria-hidden=\"true\" class=\"wp-block-spacer\"><\/div>\n\n\n\n<div class=\"wp-block-uagb-container uagb-block-8c2a0e07 alignfull uagb-is-root-container\"><div class=\"uagb-container-inner-blocks-wrap\">\n<div class=\"wp-block-uagb-advanced-heading uagb-block-ccbd224f\"><h3 class=\"uagb-heading-text\">Jetzt Unternehmen vorstellen<\/h3><\/div>\n\n\n\n<div class=\"wp-block-uagb-advanced-heading uagb-block-8aaa6867\"><h5 class=\"uagb-heading-text\">Wir sammeln derzeit Unternehmen f\u00fcr unser Verzeichnis.<br>Wenn du dein Unternehmen sichtbar machen m\u00f6chtest, sende uns bitte die folgenden Informationen \u00fcber das Formular unten.<\/h5><\/div>\n\n\n\n<div style=\"height:20px\" aria-hidden=\"true\" class=\"wp-block-spacer\"><\/div>\n\n\n\n<ul class=\"wp-block-list\">\n<li>Name des Unternehmens<\/li>\n\n\n\n<li>Standort (Stadt \/ Land)<\/li>\n\n\n\n<li>Kurze Beschreibung<\/li>\n\n\n\n<li>Kontaktm\u00f6glichkeit<\/li>\n\n\n\n<li>Website oder Social Media (optional)<\/li>\n<\/ul>\n\n\n\n<div class=\"wp-block-uagb-advanced-heading uagb-block-16d3094e\"><h5 class=\"uagb-heading-text\">Bitte tragen Sie die oben genannten Informationen in das Formular ein.<\/h5><\/div>\n\n\n\n<div style=\"height:20px\" aria-hidden=\"true\" class=\"wp-block-spacer\"><\/div>\n<\/div><\/div>\n\n\n\n<div class=\"wp-block-contact-form-7-contact-form-selector\">\n<div class=\"wpcf7 no-js\" id=\"wpcf7-f3999-o1\" lang=\"en-US\" dir=\"ltr\" data-wpcf7-id=\"3999\">\n<div class=\"screen-reader-response\"><p role=\"status\" aria-live=\"polite\" aria-atomic=\"true\"><\/p> <ul><\/ul><\/div>\n<form action=\"\/de\/wp-json\/wp\/v2\/pages\/3996#wpcf7-f3999-o1\" method=\"post\" class=\"wpcf7-form init\" aria-label=\"Contact form\" enctype=\"multipart\/form-data\" novalidate=\"novalidate\" data-status=\"init\" data-trp-original-action=\"\/de\/wp-json\/wp\/v2\/pages\/3996#wpcf7-f3999-o1\">\n<fieldset class=\"hidden-fields-container\"><input type=\"hidden\" name=\"_wpcf7\" value=\"3999\" \/><input type=\"hidden\" name=\"_wpcf7_version\" value=\"6.1.5\" \/><input type=\"hidden\" name=\"_wpcf7_locale\" value=\"en_US\" \/><input type=\"hidden\" name=\"_wpcf7_unit_tag\" value=\"wpcf7-f3999-o1\" \/><input type=\"hidden\" name=\"_wpcf7_container_post\" value=\"0\" \/><input type=\"hidden\" name=\"_wpcf7_posted_data_hash\" value=\"\" \/><input type=\"hidden\" name=\"_wpcf7_recaptcha_response\" value=\"\" \/>\n<\/fieldset>\n<p><label> Name des Unternehmens *<br \/>\n<span class=\"wpcf7-form-control-wrap\" data-name=\"company-name\"><input size=\"40\" maxlength=\"400\" class=\"wpcf7-form-control wpcf7-text wpcf7-validates-as-required\" aria-required=\"true\" aria-invalid=\"false\" placeholder=\"Name des Unternehmens\" value=\"\" type=\"text\" name=\"company-name\" \/><\/span> <\/label>\n<\/p>\n<p><label> Art der T\u00e4tigkeit *<br \/>\n<span class=\"wpcf7-form-control-wrap\" data-name=\"business-type\"><input size=\"40\" maxlength=\"400\" class=\"wpcf7-form-control wpcf7-text wpcf7-validates-as-required\" aria-required=\"true\" aria-invalid=\"false\" placeholder=\"z.B. Restaurant, IT, Handel\" value=\"\" type=\"text\" name=\"business-type\" \/><\/span> <\/label>\n<\/p>\n<p><label> Standort (Stadt \/ Land) *<br \/>\n<span class=\"wpcf7-form-control-wrap\" data-name=\"location\"><input size=\"40\" maxlength=\"400\" class=\"wpcf7-form-control wpcf7-text wpcf7-validates-as-required\" aria-required=\"true\" aria-invalid=\"false\" placeholder=\"Stadt \/ Land\" value=\"\" type=\"text\" name=\"location\" \/><\/span> <\/label>\n<\/p>\n<p><label> Kurze Beschreibung des Unternehmens *<br \/>\n<span class=\"wpcf7-form-control-wrap\" data-name=\"description\"><textarea cols=\"40\" rows=\"10\" maxlength=\"2000\" class=\"wpcf7-form-control wpcf7-textarea wpcf7-validates-as-required\" aria-required=\"true\" aria-invalid=\"false\" placeholder=\"Beschreiben Sie Ihr Unternehmen kurz\" name=\"description\"><\/textarea><\/span> <\/label>\n<\/p>\n<p><label> E-Mail *<br \/>\n<span class=\"wpcf7-form-control-wrap\" data-name=\"email\"><input size=\"40\" maxlength=\"400\" class=\"wpcf7-form-control wpcf7-email wpcf7-validates-as-required wpcf7-text wpcf7-validates-as-email\" aria-required=\"true\" aria-invalid=\"false\" placeholder=\"E-Mail-Adresse\" value=\"\" type=\"email\" name=\"email\" \/><\/span> <\/label>\n<\/p>\n<p><label> Website<br \/>\n<span class=\"wpcf7-form-control-wrap\" data-name=\"website\"><input size=\"40\" maxlength=\"400\" class=\"wpcf7-form-control wpcf7-url wpcf7-text wpcf7-validates-as-url\" aria-invalid=\"false\" placeholder=\"https:\/\/\" value=\"\" type=\"url\" name=\"website\" \/><\/span> <\/label>\n<\/p>\n<p><label> Telefon<br \/>\n<span class=\"wpcf7-form-control-wrap\" data-name=\"phone\"><input size=\"40\" maxlength=\"400\" class=\"wpcf7-form-control wpcf7-tel wpcf7-text wpcf7-validates-as-tel\" aria-invalid=\"false\" placeholder=\"+49 ...\" value=\"\" type=\"tel\" name=\"phone\" \/><\/span> <\/label>\n<\/p>\n<p><label> Bevorzugte Kontaktm\u00f6glichkeit<br \/>\n<span class=\"wpcf7-form-control-wrap\" data-name=\"contact-method\"><select class=\"wpcf7-form-control wpcf7-select\" aria-invalid=\"false\" name=\"contact-method\"><option value=\"E-Mail\">E-Mail<\/option><option value=\"Telefon\">Telefon<\/option><option value=\"WhatsApp\">WhatsApp<\/option><\/select><\/span> <\/label>\n<\/p>\n<p><label> Logo oder Bild des Unternehmens (max. 5 MB)<br \/>\n<span class=\"wpcf7-form-control-wrap\" data-name=\"logo\"><input size=\"40\" class=\"wpcf7-form-control wpcf7-file\" accept=\".jpg,.png,.pdf\" aria-invalid=\"false\" type=\"file\" name=\"logo\" \/><\/span> <\/label>\n<\/p>\n<p><span class=\"wpcf7-form-control-wrap\" data-name=\"newsletter\"><span class=\"wpcf7-form-control wpcf7-checkbox\"><span class=\"wpcf7-list-item first last\"><label><input type=\"checkbox\" name=\"newsletter[]\" value=\"Ich m\u00f6chte den Newsletter abonnieren\" \/><span class=\"wpcf7-list-item-label\">Ich m\u00f6chte den Newsletter abonnieren<\/span><\/label><\/span><\/span><\/span>\n<\/p>\n<p><span class=\"wpcf7-form-control-wrap\" data-name=\"publish-consent\"><span class=\"wpcf7-form-control wpcf7-acceptance\"><span class=\"wpcf7-list-item\"><label><input type=\"checkbox\" name=\"publish-consent\" value=\"1\" aria-invalid=\"false\" \/><span class=\"wpcf7-list-item-label\">Ich stimme zu, dass meine Angaben im Unternehmensverzeichnis ver\u00f6ffentlicht werden.<\/span><\/label><\/span><\/span><\/span>\n<\/p>\n<p><input class=\"wpcf7-form-control wpcf7-submit has-spinner\" type=\"submit\" value=\"UNTERNEHMEN EINREICHEN\" \/>\n<\/p><div class=\"wpcf7-response-output\" aria-hidden=\"true\"><\/div>\n<input type=\"hidden\" name=\"trp-form-language\" value=\"de\"\/><\/form>\n<\/div>\n<\/div>\n\n\n\n<div style=\"height:106px\" aria-hidden=\"true\" class=\"wp-block-spacer\"><\/div>\n\n\n\n<p><\/p>","protected":false},"excerpt":{"rendered":"<p>Jetzt Unternehmen vorstellen Wir sammeln derzeit Unternehmen f\u00fcr unser Verzeichnis.Wenn du dein Unternehmen sichtbar machen m\u00f6chtest, sende uns bitte die folgenden Informationen \u00fcber das Formular unten. Bitte tragen Sie die oben genannten Informationen in das Formular ein.<\/p>","protected":false},"author":1,"featured_media":0,"parent":135,"menu_order":0,"comment_status":"closed","ping_status":"closed","template":"","meta":{"_acf_changed":false,"_eb_attr":"","_uag_custom_page_level_css":"","_monsterinsights_skip_tracking":false,"_monsterinsights_sitenote_active":false,"_monsterinsights_sitenote_note":"","_monsterinsights_sitenote_category":0,"site-sidebar-layout":"default","site-content-layout":"","ast-site-content-layout":"default","site-content-style":"default","site-sidebar-style":"default","ast-global-header-display":"","ast-banner-title-visibility":"","ast-main-header-display":"","ast-hfb-above-header-display":"","ast-hfb-below-header-display":"","ast-hfb-mobile-header-display":"","site-post-title":"","ast-breadcrumbs-content":"","ast-featured-img":"","footer-sml-layout":"","ast-disable-related-posts":"","theme-transparent-header-meta":"","adv-header-id-meta":"","stick-header-meta":"","header-above-stick-meta":"","header-main-stick-meta":"","header-below-stick-meta":"","astra-migrate-meta-layouts":"set","ast-page-background-enabled":"default","ast-page-background-meta":{"desktop":{"background-color":"","background-image":"","background-repeat":"repeat","background-position":"center center","background-size":"auto","background-attachment":"scroll","background-type":"","background-media":"","overlay-type":"","overlay-color":"","overlay-opacity":"","overlay-gradient":""},"tablet":{"background-color":"","background-image":"","background-repeat":"repeat","background-position":"center center","background-size":"auto","background-attachment":"scroll","background-type":"","background-media":"","overlay-type":"","overlay-color":"","overlay-opacity":"","overlay-gradient":""},"mobile":{"background-color":"","background-image":"","background-repeat":"repeat","background-position":"center center","background-size":"auto","background-attachment":"scroll","background-type":"","background-media":"","overlay-type":"","overlay-color":"","overlay-opacity":"","overlay-gradient":""}},"ast-content-background-meta":{"desktop":{"background-color":"var(--ast-global-color-5)","background-image":"","background-repeat":"repeat","background-position":"center center","background-size":"auto","background-attachment":"scroll","background-type":"","background-media":"","overlay-type":"","overlay-color":"","overlay-opacity":"","overlay-gradient":""},"tablet":{"background-color":"var(--ast-global-color-5)","background-image":"","background-repeat":"repeat","background-position":"center center","background-size":"auto","background-attachment":"scroll","background-type":"","background-media":"","overlay-type":"","overlay-color":"","overlay-opacity":"","overlay-gradient":""},"mobile":{"background-color":"var(--ast-global-color-5)","background-image":"","background-repeat":"repeat","background-position":"center center","background-size":"auto","background-attachment":"scroll","background-type":"","background-media":"","overlay-type":"","overlay-color":"","overlay-opacity":"","overlay-gradient":""}},"footnotes":""},"class_list":["post-3996","page","type-page","status-publish","hentry"],"aioseo_notices":[],"uagb_featured_image_src":{"full":false,"thumbnail":false,"medium":false,"medium_large":false,"large":false,"1536x1536":false,"2048x2048":false,"trp-custom-language-flag":false},"uagb_author_info":{"display_name":"finda_admin","author_link":"https:\/\/getfinda.com\/de\/author\/getfinda_admin\/"},"uagb_comment_info":0,"uagb_excerpt":"Jetzt Unternehmen vorstellen Wir sammeln derzeit Unternehmen f\u00fcr unser Verzeichnis.Wenn du dein Unternehmen sichtbar machen m\u00f6chtest, sende uns bitte die folgenden Informationen \u00fcber das Formular unten. Bitte tragen Sie die oben genannten Informationen in das Formular ein.","acf":[],"_links":{"self":[{"href":"https:\/\/getfinda.com\/de\/wp-json\/wp\/v2\/pages\/3996","targetHints":{"allow":["GET"]}}],"collection":[{"href":"https:\/\/getfinda.com\/de\/wp-json\/wp\/v2\/pages"}],"about":[{"href":"https:\/\/getfinda.com\/de\/wp-json\/wp\/v2\/types\/page"}],"author":[{"embeddable":true,"href":"https:\/\/getfinda.com\/de\/wp-json\/wp\/v2\/users\/1"}],"replies":[{"embeddable":true,"href":"https:\/\/getfinda.com\/de\/wp-json\/wp\/v2\/comments?post=3996"}],"version-history":[{"count":20,"href":"https:\/\/getfinda.com\/de\/wp-json\/wp\/v2\/pages\/3996\/revisions"}],"predecessor-version":[{"id":5203,"href":"https:\/\/getfinda.com\/de\/wp-json\/wp\/v2\/pages\/3996\/revisions\/5203"}],"up":[{"embeddable":true,"href":"https:\/\/getfinda.com\/de\/wp-json\/wp\/v2\/pages\/135"}],"wp:attachment":[{"href":"https:\/\/getfinda.com\/de\/wp-json\/wp\/v2\/media?parent=3996"}],"curies":[{"name":"wp","href":"https:\/\/api.w.org\/{rel}","templated":true}]}}