{"id":4644,"date":"2026-01-30T16:53:25","date_gmt":"2026-01-30T15:53:25","guid":{"rendered":"https:\/\/getfinda.online\/?page_id=4644"},"modified":"2026-02-21T22:58:48","modified_gmt":"2026-02-21T21:58:48","slug":"impressum","status":"publish","type":"page","link":"https:\/\/getfinda.com\/de\/impressum\/","title":{"rendered":"Impressum"},"content":{"rendered":"<div style=\"height:30px\" aria-hidden=\"true\" class=\"wp-block-spacer\"><\/div>\n\n\n\n<div class=\"wp-block-uagb-advanced-heading uagb-block-702a766e\"><h3 class=\"uagb-heading-text\"><strong>Angaben gem\u00e4\u00df \u00a7 5 DDG<\/strong><\/h3><\/div>\n\n\n\n<div class=\"wp-block-essential-blocks-text  root-eb-text-i7cp7\"><div class=\"eb-parent-wrapper eb-parent-eb-text-i7cp7\"><div class=\"eb-text-wrapper eb-text-i7cp7\" data-id=\"eb-text-i7cp7\"><h5 class=\"eb-text\">Finda Business Netzwerk<\/h5><\/div><\/div><\/div>\n\n\n\n<div class=\"wp-block-uagb-advanced-heading uagb-block-a9385b84\"><h3 class=\"uagb-heading-text\"><strong>Standort:<\/strong><\/h3><\/div>\n\n\n\n<div class=\"wp-block-essential-blocks-text  root-eb-text-u50kz\"><div class=\"eb-parent-wrapper eb-parent-eb-text-u50kz\"><div class=\"eb-text-wrapper eb-text-u50kz\" data-id=\"eb-text-u50kz\"><h5 class=\"eb-text\">Sayed Mujibuddin Jawad<br><br>Zwickauer Str. 4,<br>56075 Koblenz<br>Deutschland<\/h5><\/div><\/div><\/div>\n\n\n\n<div class=\"wp-block-uagb-advanced-heading uagb-block-862c1b64\"><h3 class=\"uagb-heading-text\"><strong>Kontakt:<\/strong><\/h3><\/div>\n\n\n\n<div class=\"wp-block-essential-blocks-text  root-eb-text-tjvsy\"><div class=\"eb-parent-wrapper eb-parent-eb-text-tjvsy\"><div class=\"eb-text-wrapper eb-text-tjvsy\" data-id=\"eb-text-tjvsy\"><h5 class=\"eb-text\">E-Mail:\u00a0<a href=\"mailto:info@getfinda.de\">i<\/a><a href=\"mailto:nfo@getfinda.com\">nfo@getfinda.com<\/a><\/h5><\/div><\/div><\/div>\n\n\n\n<div class=\"wp-block-uagb-advanced-heading uagb-block-54da3641\"><h3 class=\"uagb-heading-text\"><strong>Verantwortlich f\u00fcr den Inhalt nach \u00a7 18 Abs. 2 MStV:<\/strong><\/h3><\/div>\n\n\n\n<div class=\"wp-block-essential-blocks-text  root-eb-text-s073j\"><div class=\"eb-parent-wrapper eb-parent-eb-text-s073j\"><div class=\"eb-text-wrapper eb-text-s073j\" data-id=\"eb-text-s073j\"><h5 class=\"eb-text\">Sayed Mujibuddin Jawad<br><br>Zwickauer Str. 4,<br>56075 Koblenz<br>Deutschland<\/h5><\/div><\/div><\/div>\n\n\n\n<div class=\"wp-block-uagb-advanced-heading uagb-block-a46464a5\"><h3 class=\"uagb-heading-text\"><strong>Hinweis:<\/strong><\/h3><\/div>\n\n\n\n<div class=\"wp-block-essential-blocks-text  root-eb-text-3rdme\"><div class=\"eb-parent-wrapper eb-parent-eb-text-3rdme\"><div class=\"eb-text-wrapper eb-text-3rdme\" data-id=\"eb-text-3rdme\"><h5 class=\"eb-text\">Finda Business Network ist derzeit eine private digitale Plattform und kein eingetragenes Unternehmen.<\/h5><\/div><\/div><\/div>\n\n\n\n<div class=\"wp-block-uagb-advanced-heading uagb-block-c5c772b9\"><h3 class=\"uagb-heading-text\"><strong>Haftung f\u00fcr Inhalte:<\/strong><\/h3><\/div>\n\n\n\n<div class=\"wp-block-essential-blocks-text  root-eb-text-u3eoc\"><div class=\"eb-parent-wrapper eb-parent-eb-text-u3eoc\"><div class=\"eb-text-wrapper eb-text-u3eoc\" data-id=\"eb-text-u3eoc\"><h5 class=\"eb-text\">Als Diensteanbieter sind wir gem\u00e4\u00df \u00a7 7 Abs. 1 DDG f\u00fcr eigene Inhalte auf diesen Seiten nach den allgemeinen Gesetzen verantwortlich. Eine Verpflichtung zur \u00dcberwachung \u00fcbermittelter oder gespeicherter fremder Informationen besteht nicht.<\/h5><\/div><\/div><\/div>\n\n\n\n<div style=\"height:100px\" aria-hidden=\"true\" class=\"wp-block-spacer\"><\/div>\n\n\n\n<p><\/p>","protected":false},"excerpt":{"rendered":"<p>Angaben gem\u00e4\u00df \u00a7 5 DDG Standort: Kontakt: Verantwortlich f\u00fcr den Inhalt nach \u00a7 18 Abs. 2 MStV: Hinweis: Haftung f\u00fcr Inhalte:<\/p>","protected":false},"author":2,"featured_media":0,"parent":0,"menu_order":0,"comment_status":"closed","ping_status":"closed","template":"","meta":{"_acf_changed":false,"_eb_attr":"","_uag_custom_page_level_css":"","_monsterinsights_skip_tracking":false,"_monsterinsights_sitenote_active":false,"_monsterinsights_sitenote_note":"","_monsterinsights_sitenote_category":0,"site-sidebar-layout":"default","site-content-layout":"","ast-site-content-layout":"default","site-content-style":"default","site-sidebar-style":"default","ast-global-header-display":"","ast-banner-title-visibility":"","ast-main-header-display":"","ast-hfb-above-header-display":"","ast-hfb-below-header-display":"","ast-hfb-mobile-header-display":"","site-post-title":"","ast-breadcrumbs-content":"","ast-featured-img":"","footer-sml-layout":"","ast-disable-related-posts":"","theme-transparent-header-meta":"","adv-header-id-meta":"","stick-header-meta":"","header-above-stick-meta":"","header-main-stick-meta":"","header-below-stick-meta":"","astra-migrate-meta-layouts":"set","ast-page-background-enabled":"default","ast-page-background-meta":{"desktop":{"background-color":"","background-image":"","background-repeat":"repeat","background-position":"center center","background-size":"auto","background-attachment":"scroll","background-type":"","background-media":"","overlay-type":"","overlay-color":"","overlay-opacity":"","overlay-gradient":""},"tablet":{"background-color":"","background-image":"","background-repeat":"repeat","background-position":"center center","background-size":"auto","background-attachment":"scroll","background-type":"","background-media":"","overlay-type":"","overlay-color":"","overlay-opacity":"","overlay-gradient":""},"mobile":{"background-color":"","background-image":"","background-repeat":"repeat","background-position":"center center","background-size":"auto","background-attachment":"scroll","background-type":"","background-media":"","overlay-type":"","overlay-color":"","overlay-opacity":"","overlay-gradient":""}},"ast-content-background-meta":{"desktop":{"background-color":"var(--ast-global-color-5)","background-image":"","background-repeat":"repeat","background-position":"center center","background-size":"auto","background-attachment":"scroll","background-type":"","background-media":"","overlay-type":"","overlay-color":"","overlay-opacity":"","overlay-gradient":""},"tablet":{"background-color":"var(--ast-global-color-5)","background-image":"","background-repeat":"repeat","background-position":"center center","background-size":"auto","background-attachment":"scroll","background-type":"","background-media":"","overlay-type":"","overlay-color":"","overlay-opacity":"","overlay-gradient":""},"mobile":{"background-color":"var(--ast-global-color-5)","background-image":"","background-repeat":"repeat","background-position":"center center","background-size":"auto","background-attachment":"scroll","background-type":"","background-media":"","overlay-type":"","overlay-color":"","overlay-opacity":"","overlay-gradient":""}},"footnotes":""},"class_list":["post-4644","page","type-page","status-publish","hentry"],"aioseo_notices":[],"uagb_featured_image_src":{"full":false,"thumbnail":false,"medium":false,"medium_large":false,"large":false,"1536x1536":false,"2048x2048":false,"trp-custom-language-flag":false},"uagb_author_info":{"display_name":"S.M Jawad","author_link":"https:\/\/getfinda.com\/de\/author\/findato-online\/"},"uagb_comment_info":0,"uagb_excerpt":"Angaben gem\u00e4\u00df \u00a7 5 DDG Standort: Kontakt: Verantwortlich f\u00fcr den Inhalt nach \u00a7 18 Abs. 2 MStV: Hinweis: Haftung f\u00fcr Inhalte:","acf":[],"_links":{"self":[{"href":"https:\/\/getfinda.com\/de\/wp-json\/wp\/v2\/pages\/4644","targetHints":{"allow":["GET"]}}],"collection":[{"href":"https:\/\/getfinda.com\/de\/wp-json\/wp\/v2\/pages"}],"about":[{"href":"https:\/\/getfinda.com\/de\/wp-json\/wp\/v2\/types\/page"}],"author":[{"embeddable":true,"href":"https:\/\/getfinda.com\/de\/wp-json\/wp\/v2\/users\/2"}],"replies":[{"embeddable":true,"href":"https:\/\/getfinda.com\/de\/wp-json\/wp\/v2\/comments?post=4644"}],"version-history":[{"count":9,"href":"https:\/\/getfinda.com\/de\/wp-json\/wp\/v2\/pages\/4644\/revisions"}],"predecessor-version":[{"id":6973,"href":"https:\/\/getfinda.com\/de\/wp-json\/wp\/v2\/pages\/4644\/revisions\/6973"}],"wp:attachment":[{"href":"https:\/\/getfinda.com\/de\/wp-json\/wp\/v2\/media?parent=4644"}],"curies":[{"name":"wp","href":"https:\/\/api.w.org\/{rel}","templated":true}]}}